{"id":508,"date":"2020-04-09T07:14:00","date_gmt":"2020-04-09T07:14:00","guid":{"rendered":"https:\/\/gaspard.qodeinteractive.com\/?page_id=508"},"modified":"2025-07-13T21:13:28","modified_gmt":"2025-07-13T21:13:28","slug":"reservar-page","status":"publish","type":"page","link":"https:\/\/centralkanaia.com\/en\/reservar-page","title":{"rendered":"Book"},"content":{"rendered":"<div data-elementor-type=\"wp-post\" data-elementor-id=\"508\" class=\"elementor elementor-508\">\n\t\t\t\t\t\t<section class=\"elementor-section elementor-top-section elementor-element elementor-element-8630c8b elementor-section-full_width qodef-elementor-content-grid elementor-section-height-default elementor-section-height-default\" data-id=\"8630c8b\" data-element_type=\"section\" data-e-type=\"section\" data-settings=\"{&quot;background_background&quot;:&quot;classic&quot;}\">\n\t\t\t\t\t\t<div class=\"elementor-container elementor-column-gap-no\">\n\t\t\t\t\t<div class=\"elementor-column elementor-col-100 elementor-top-column elementor-element elementor-element-c1b8ae0\" data-id=\"c1b8ae0\" data-element_type=\"column\" data-e-type=\"column\">\n\t\t\t<div class=\"elementor-widget-wrap elementor-element-populated\">\n\t\t\t\t\t\t<div class=\"elementor-element elementor-element-8d3e757 elementor-widget elementor-widget-html\" data-id=\"8d3e757\" data-element_type=\"widget\" data-e-type=\"widget\" data-widget_type=\"html.default\">\n\t\t\t\t<div class=\"elementor-widget-container\">\n\t\t\t\t\t<script type=\"text\/javascript\"\nsrc=\"https:\/\/www.covermanager.com\/js\/iframeResizer.min.js\"><\/script>\n\n<script type=\"text\/javascript\" src=\"https:\/\/www.covermanager.com\/reserve\/gtmcrossdomain\/restaurante-kanaia\"><\/script>\n<iframe\n                                                                    id=\"restaurante-kanaia\" title=\"Reservations\" src=\"https:\/\/www.covermanager.com\/reserve\/module_restaurant\/restaurante-kanaia\/spanish\"\n                                                                    frameborder=\"0\" height=\"550\" width=\"100%\" onload=\"iFrameResize();\"><\/iframe>\t\t\t\t<\/div>\n\t\t\t\t<\/div>\n\t\t\t\t\t<\/div>\n\t\t<\/div>\n\t\t\t\t\t<\/div>\n\t\t<\/section>\n\t\t\t\t<section class=\"elementor-section elementor-top-section elementor-element elementor-element-73486fb elementor-hidden-tablet elementor-hidden-mobile elementor-section-boxed elementor-section-height-default elementor-section-height-default qodef-elementor-content-no\" data-id=\"73486fb\" data-element_type=\"section\" data-e-type=\"section\" data-settings=\"{&quot;background_background&quot;:&quot;classic&quot;}\">\n\t\t\t\t\t\t<div class=\"elementor-container elementor-column-gap-default\">\n\t\t\t\t\t<div class=\"elementor-column elementor-col-25 elementor-top-column elementor-element elementor-element-91c883f\" data-id=\"91c883f\" data-element_type=\"column\" data-e-type=\"column\">\n\t\t\t<div class=\"elementor-widget-wrap elementor-element-populated\">\n\t\t\t\t\t\t<div class=\"elementor-element elementor-element-7ca0bd3 elementor-widget elementor-widget-site-logo\" data-id=\"7ca0bd3\" data-element_type=\"widget\" data-e-type=\"widget\" data-settings=\"{&quot;align&quot;:&quot;center&quot;,&quot;width&quot;:{&quot;unit&quot;:&quot;%&quot;,&quot;size&quot;:&quot;&quot;,&quot;sizes&quot;:[]},&quot;width_tablet&quot;:{&quot;unit&quot;:&quot;%&quot;,&quot;size&quot;:&quot;&quot;,&quot;sizes&quot;:[]},&quot;width_mobile&quot;:{&quot;unit&quot;:&quot;%&quot;,&quot;size&quot;:&quot;&quot;,&quot;sizes&quot;:[]},&quot;space&quot;:{&quot;unit&quot;:&quot;%&quot;,&quot;size&quot;:&quot;&quot;,&quot;sizes&quot;:[]},&quot;space_tablet&quot;:{&quot;unit&quot;:&quot;%&quot;,&quot;size&quot;:&quot;&quot;,&quot;sizes&quot;:[]},&quot;space_mobile&quot;:{&quot;unit&quot;:&quot;%&quot;,&quot;size&quot;:&quot;&quot;,&quot;sizes&quot;:[]},&quot;image_border_radius&quot;:{&quot;unit&quot;:&quot;px&quot;,&quot;top&quot;:&quot;&quot;,&quot;right&quot;:&quot;&quot;,&quot;bottom&quot;:&quot;&quot;,&quot;left&quot;:&quot;&quot;,&quot;isLinked&quot;:true},&quot;image_border_radius_tablet&quot;:{&quot;unit&quot;:&quot;px&quot;,&quot;top&quot;:&quot;&quot;,&quot;right&quot;:&quot;&quot;,&quot;bottom&quot;:&quot;&quot;,&quot;left&quot;:&quot;&quot;,&quot;isLinked&quot;:true},&quot;image_border_radius_mobile&quot;:{&quot;unit&quot;:&quot;px&quot;,&quot;top&quot;:&quot;&quot;,&quot;right&quot;:&quot;&quot;,&quot;bottom&quot;:&quot;&quot;,&quot;left&quot;:&quot;&quot;,&quot;isLinked&quot;:true},&quot;caption_padding&quot;:{&quot;unit&quot;:&quot;px&quot;,&quot;top&quot;:&quot;&quot;,&quot;right&quot;:&quot;&quot;,&quot;bottom&quot;:&quot;&quot;,&quot;left&quot;:&quot;&quot;,&quot;isLinked&quot;:true},&quot;caption_padding_tablet&quot;:{&quot;unit&quot;:&quot;px&quot;,&quot;top&quot;:&quot;&quot;,&quot;right&quot;:&quot;&quot;,&quot;bottom&quot;:&quot;&quot;,&quot;left&quot;:&quot;&quot;,&quot;isLinked&quot;:true},&quot;caption_padding_mobile&quot;:{&quot;unit&quot;:&quot;px&quot;,&quot;top&quot;:&quot;&quot;,&quot;right&quot;:&quot;&quot;,&quot;bottom&quot;:&quot;&quot;,&quot;left&quot;:&quot;&quot;,&quot;isLinked&quot;:true},&quot;caption_space&quot;:{&quot;unit&quot;:&quot;px&quot;,&quot;size&quot;:0,&quot;sizes&quot;:[]},&quot;caption_space_tablet&quot;:{&quot;unit&quot;:&quot;px&quot;,&quot;size&quot;:&quot;&quot;,&quot;sizes&quot;:[]},&quot;caption_space_mobile&quot;:{&quot;unit&quot;:&quot;px&quot;,&quot;size&quot;:&quot;&quot;,&quot;sizes&quot;:[]}}\" data-widget_type=\"site-logo.default\">\n\t\t\t\t<div class=\"elementor-widget-container\">\n\t\t\t\t\t\t\t<div class=\"hfe-site-logo\">\n\t\t\t\t\t\t\t\t\t\t\t\t\t<a data-elementor-open-lightbox=\"\"  class='elementor-clickable' href=\"https:\/\/centralkanaia.com\/en\/\">\n\t\t\t\t\t\t\t<div class=\"hfe-site-logo-set\">           \n\t\t\t\t<div class=\"hfe-site-logo-container\">\n\t\t\t\t\t\t\t\t\t<img decoding=\"async\" class=\"hfe-site-logo-img elementor-animation-\"  src=\"https:\/\/centralkanaia.com\/wp-content\/uploads\/2025\/06\/cropped-Logo_Bueno1-150x150.png\" alt=\"default-logo\"\/>\n\t\t\t\t<\/div>\n\t\t\t<\/div>\n\t\t\t\t\t\t\t<\/a>\n\t\t\t\t\t\t<\/div>  \n\t\t\t\t\t\t\t<\/div>\n\t\t\t\t<\/div>\n\t\t\t\t\t<\/div>\n\t\t<\/div>\n\t\t\t\t<div class=\"elementor-column elementor-col-25 elementor-top-column elementor-element elementor-element-84e59ed\" data-id=\"84e59ed\" data-element_type=\"column\" data-e-type=\"column\">\n\t\t\t<div class=\"elementor-widget-wrap elementor-element-populated\">\n\t\t\t\t\t\t<div class=\"elementor-element elementor-element-2b91a1a elementor-widget elementor-widget-html\" data-id=\"2b91a1a\" data-element_type=\"widget\" data-e-type=\"widget\" data-widget_type=\"html.default\">\n\t\t\t\t<div class=\"elementor-widget-container\">\n\t\t\t\t\t<div class=\"zona-inferior_mov\">\r\n  <style>\r\n    .zona-inferior_mov {\r\n      background-color: #f9f7f4;\r\n      padding: 2rem;\r\n      font-size: 0.9rem;\r\n      color: #5e3c24;\r\n      font-family: Arial, sans-serif;\r\n    }\r\n    .zona-inferior_mov h5 {\r\n      font-size: 1rem;\r\n      text-transform: uppercase;\r\n      margin-bottom: 1rem;\r\n      color: #8b5e3c;\r\n    }\r\n    .zona-inferior_mov ul {\r\n      list-style: none;\r\n      padding: 0;\r\n      margin: 0;\r\n    }\r\n    .zona-inferior_mov li {\r\n      margin-bottom: 0.4rem;\r\n      line-height: 1.1;\r\n    }\r\n    .zona-inferior_mov a {\r\n      text-decoration: none;\r\n      color: #5e3c24;\r\n      transition: color 0.3s;\r\n    }\r\n    .zona-inferior_mov a:hover {\r\n      color: #000;\r\n    }\r\n  <\/style>\r\n\r\n  <div class=\"footer-sitemap-legal\">\r\n    <h5>Explore<\/h5>\r\n\r\n    <nav class=\"footer-sitemap\">\r\n      <ul>\r\n        <li><a href=\"\/en\/\">Home<\/a><\/li>\r\n        <li><a href=\"\/en\/sobre-nosotros\/\">About us<\/a><\/li>\r\n         <li><a href=\"\/en\/reservar-page\/\">Book<\/a><\/li>\r\n        <li><a href=\"\/en\/menu\/\">Our menu<\/a><\/li>\r\n        <li><a href=\"\/en\/contacto\/\">Contact<\/a><\/li>\r\n      <\/ul>\r\n    <\/nav>\r\n  <\/div>\r\n<\/div>\r\n\r\n\t\t\t\t<\/div>\n\t\t\t\t<\/div>\n\t\t\t\t\t<\/div>\n\t\t<\/div>\n\t\t\t\t<div class=\"elementor-column elementor-col-25 elementor-top-column elementor-element elementor-element-2422451\" data-id=\"2422451\" data-element_type=\"column\" data-e-type=\"column\">\n\t\t\t<div class=\"elementor-widget-wrap elementor-element-populated\">\n\t\t\t\t\t\t<div class=\"elementor-element elementor-element-1d62e02 elementor-widget elementor-widget-html\" data-id=\"1d62e02\" data-element_type=\"widget\" data-e-type=\"widget\" data-widget_type=\"html.default\">\n\t\t\t\t<div class=\"elementor-widget-container\">\n\t\t\t\t\t<div class=\"zona-inferior_mov\">\r\n  <div class=\"footer-sitemap-legal\">\r\n    <!-- T\u00edtulo del bloque legal -->\r\n    <h5>Legal<\/h5>\r\n\r\n    <!-- Legal -->\r\n    <nav class=\"footer-legal\">\r\n      <ul>\r\n        <li><a href=\"https:\/\/centralkanaia.com\/en\/pol-priv\/\">Privacy Policy<\/a><\/li>\r\n        <li><a href=\"https:\/\/centralkanaia.com\/en\/aviso-legal\/\">Legal Disclaimer<\/a><\/li>\r\n        <li><a href=\"https:\/\/centralkanaia.com\/en\/pol-cookies\/\">Cookie Policy<\/a><\/li>\r\n      <\/ul>\r\n    <\/nav>\r\n  <\/div>\r\n<\/div>\r\n\r\n\r\n\r\n\r\n\t\t\t\t<\/div>\n\t\t\t\t<\/div>\n\t\t\t\t\t<\/div>\n\t\t<\/div>\n\t\t\t\t<div class=\"elementor-column elementor-col-25 elementor-top-column elementor-element elementor-element-3b122e0\" data-id=\"3b122e0\" data-element_type=\"column\" data-e-type=\"column\">\n\t\t\t<div class=\"elementor-widget-wrap elementor-element-populated\">\n\t\t\t\t\t\t<div class=\"elementor-element elementor-element-d231c9e elementor-widget elementor-widget-text-editor\" data-id=\"d231c9e\" data-element_type=\"widget\" data-e-type=\"widget\" data-widget_type=\"text-editor.default\">\n\t\t\t\t<div class=\"elementor-widget-container\">\n\t\t\t\t\t\t\t\t\t<div class=\"direccion-kanaia\" style=\"background-color: #f9f7f4; padding: 2rem; font-family: 'Montserrat', sans-serif; color: #8b5e3c; font-size: 0.9rem;\"><h5 style=\"font-size: 0.9rem; margin-bottom: 0.5rem; text-transform: uppercase;\">Find Us<\/h5><p style=\"margin: 0; line-height: 1.6;\">Calle la Virgen, 1<br \/>11140 Conil de la Frontera<br \/>C\u00e1diz, Espa\u00f1a<\/p><\/div>\t\t\t\t\t\t\t\t<\/div>\n\t\t\t\t<\/div>\n\t\t\t\t<div class=\"elementor-element elementor-element-4880fb4 elementor-shape-rounded elementor-grid-0 e-grid-align-center elementor-widget elementor-widget-social-icons\" data-id=\"4880fb4\" data-element_type=\"widget\" data-e-type=\"widget\" data-widget_type=\"social-icons.default\">\n\t\t\t\t<div class=\"elementor-widget-container\">\n\t\t\t\t\t\t\t<div class=\"elementor-social-icons-wrapper elementor-grid\" role=\"list\">\n\t\t\t\t\t\t\t<span class=\"elementor-grid-item\" role=\"listitem\">\n\t\t\t\t\t<a class=\"elementor-icon elementor-social-icon elementor-social-icon-facebook elementor-animation-pulse elementor-repeater-item-45987ad\" href=\"https:\/\/www.facebook.com\/centralkanaia\/\" target=\"_blank\">\n\t\t\t\t\t\t<span class=\"elementor-screen-only\">Facebook<\/span>\n\t\t\t\t\t\t<i aria-hidden=\"true\" class=\"fab fa-facebook\"><\/i>\t\t\t\t\t<\/a>\n\t\t\t\t<\/span>\n\t\t\t\t\t\t\t<span class=\"elementor-grid-item\" role=\"listitem\">\n\t\t\t\t\t<a class=\"elementor-icon elementor-social-icon elementor-social-icon-instagram elementor-animation-pulse elementor-repeater-item-f0fa343\" href=\"https:\/\/www.instagram.com\/kanaiacentral\/\" target=\"_blank\">\n\t\t\t\t\t\t<span class=\"elementor-screen-only\">Instagram<\/span>\n\t\t\t\t\t\t<i aria-hidden=\"true\" class=\"fab fa-instagram\"><\/i>\t\t\t\t\t<\/a>\n\t\t\t\t<\/span>\n\t\t\t\t\t<\/div>\n\t\t\t\t\t\t<\/div>\n\t\t\t\t<\/div>\n\t\t\t\t\t<\/div>\n\t\t<\/div>\n\t\t\t\t\t<\/div>\n\t\t<\/section>\n\t\t\t\t<section class=\"elementor-section elementor-top-section elementor-element elementor-element-0928a21 elementor-hidden-desktop elementor-section-boxed elementor-section-height-default elementor-section-height-default qodef-elementor-content-no\" data-id=\"0928a21\" data-element_type=\"section\" data-e-type=\"section\" data-settings=\"{&quot;background_background&quot;:&quot;classic&quot;}\">\n\t\t\t\t\t\t<div class=\"elementor-container elementor-column-gap-default\">\n\t\t\t\t\t<div class=\"elementor-column elementor-col-20 elementor-top-column elementor-element elementor-element-9e3668f\" data-id=\"9e3668f\" data-element_type=\"column\" data-e-type=\"column\">\n\t\t\t<div class=\"elementor-widget-wrap elementor-element-populated\">\n\t\t\t\t\t\t<div class=\"elementor-element elementor-element-2f484d7 elementor-widget elementor-widget-site-logo\" data-id=\"2f484d7\" data-element_type=\"widget\" data-e-type=\"widget\" data-settings=\"{&quot;align&quot;:&quot;center&quot;,&quot;width&quot;:{&quot;unit&quot;:&quot;%&quot;,&quot;size&quot;:&quot;&quot;,&quot;sizes&quot;:[]},&quot;width_tablet&quot;:{&quot;unit&quot;:&quot;%&quot;,&quot;size&quot;:&quot;&quot;,&quot;sizes&quot;:[]},&quot;width_mobile&quot;:{&quot;unit&quot;:&quot;%&quot;,&quot;size&quot;:&quot;&quot;,&quot;sizes&quot;:[]},&quot;space&quot;:{&quot;unit&quot;:&quot;%&quot;,&quot;size&quot;:&quot;&quot;,&quot;sizes&quot;:[]},&quot;space_tablet&quot;:{&quot;unit&quot;:&quot;%&quot;,&quot;size&quot;:&quot;&quot;,&quot;sizes&quot;:[]},&quot;space_mobile&quot;:{&quot;unit&quot;:&quot;%&quot;,&quot;size&quot;:&quot;&quot;,&quot;sizes&quot;:[]},&quot;image_border_radius&quot;:{&quot;unit&quot;:&quot;px&quot;,&quot;top&quot;:&quot;&quot;,&quot;right&quot;:&quot;&quot;,&quot;bottom&quot;:&quot;&quot;,&quot;left&quot;:&quot;&quot;,&quot;isLinked&quot;:true},&quot;image_border_radius_tablet&quot;:{&quot;unit&quot;:&quot;px&quot;,&quot;top&quot;:&quot;&quot;,&quot;right&quot;:&quot;&quot;,&quot;bottom&quot;:&quot;&quot;,&quot;left&quot;:&quot;&quot;,&quot;isLinked&quot;:true},&quot;image_border_radius_mobile&quot;:{&quot;unit&quot;:&quot;px&quot;,&quot;top&quot;:&quot;&quot;,&quot;right&quot;:&quot;&quot;,&quot;bottom&quot;:&quot;&quot;,&quot;left&quot;:&quot;&quot;,&quot;isLinked&quot;:true},&quot;caption_padding&quot;:{&quot;unit&quot;:&quot;px&quot;,&quot;top&quot;:&quot;&quot;,&quot;right&quot;:&quot;&quot;,&quot;bottom&quot;:&quot;&quot;,&quot;left&quot;:&quot;&quot;,&quot;isLinked&quot;:true},&quot;caption_padding_tablet&quot;:{&quot;unit&quot;:&quot;px&quot;,&quot;top&quot;:&quot;&quot;,&quot;right&quot;:&quot;&quot;,&quot;bottom&quot;:&quot;&quot;,&quot;left&quot;:&quot;&quot;,&quot;isLinked&quot;:true},&quot;caption_padding_mobile&quot;:{&quot;unit&quot;:&quot;px&quot;,&quot;top&quot;:&quot;&quot;,&quot;right&quot;:&quot;&quot;,&quot;bottom&quot;:&quot;&quot;,&quot;left&quot;:&quot;&quot;,&quot;isLinked&quot;:true},&quot;caption_space&quot;:{&quot;unit&quot;:&quot;px&quot;,&quot;size&quot;:0,&quot;sizes&quot;:[]},&quot;caption_space_tablet&quot;:{&quot;unit&quot;:&quot;px&quot;,&quot;size&quot;:&quot;&quot;,&quot;sizes&quot;:[]},&quot;caption_space_mobile&quot;:{&quot;unit&quot;:&quot;px&quot;,&quot;size&quot;:&quot;&quot;,&quot;sizes&quot;:[]}}\" data-widget_type=\"site-logo.default\">\n\t\t\t\t<div class=\"elementor-widget-container\">\n\t\t\t\t\t\t\t<div class=\"hfe-site-logo\">\n\t\t\t\t\t\t\t\t\t\t\t\t\t<a data-elementor-open-lightbox=\"\"  class='elementor-clickable' href=\"https:\/\/centralkanaia.com\/en\/\">\n\t\t\t\t\t\t\t<div class=\"hfe-site-logo-set\">           \n\t\t\t\t<div class=\"hfe-site-logo-container\">\n\t\t\t\t\t\t\t\t\t<img decoding=\"async\" class=\"hfe-site-logo-img elementor-animation-\"  src=\"https:\/\/centralkanaia.com\/wp-content\/uploads\/2025\/06\/cropped-Logo_Bueno1-150x150.png\" alt=\"default-logo\"\/>\n\t\t\t\t<\/div>\n\t\t\t<\/div>\n\t\t\t\t\t\t\t<\/a>\n\t\t\t\t\t\t<\/div>  \n\t\t\t\t\t\t\t<\/div>\n\t\t\t\t<\/div>\n\t\t\t\t\t<\/div>\n\t\t<\/div>\n\t\t\t\t<div class=\"elementor-column elementor-col-20 elementor-top-column elementor-element elementor-element-191f815\" data-id=\"191f815\" data-element_type=\"column\" data-e-type=\"column\">\n\t\t\t<div class=\"elementor-widget-wrap elementor-element-populated\">\n\t\t\t\t\t\t<div class=\"elementor-element elementor-element-3010540 elementor-widget elementor-widget-html\" data-id=\"3010540\" data-element_type=\"widget\" data-e-type=\"widget\" data-widget_type=\"html.default\">\n\t\t\t\t<div class=\"elementor-widget-container\">\n\t\t\t\t\t<div class=\"zona-inferior_mov\">\r\n  <style>\r\n    .zona-inferior_mov {\r\n      background-color: #f9f7f4;\r\n      padding: 2rem;\r\n      font-size: 0.9rem;\r\n      color: #5e3c24;\r\n      font-family: Arial, sans-serif;\r\n    }\r\n    .zona-inferior_mov h5 {\r\n      font-size: 1rem;\r\n      text-transform: uppercase;\r\n      margin-bottom: 1rem;\r\n      color: #8b5e3c;\r\n    }\r\n    .zona-inferior_mov ul {\r\n      list-style: none;\r\n      padding: 0;\r\n      margin: 0;\r\n    }\r\n    .zona-inferior_mov li {\r\n      margin-bottom: 0.4rem;\r\n      line-height: 1.1;\r\n    }\r\n    .zona-inferior_mov a {\r\n      text-decoration: none;\r\n      color: #5e3c24;\r\n      transition: color 0.3s;\r\n    }\r\n    .zona-inferior_mov a:hover {\r\n      color: #000;\r\n    }\r\n  <\/style>\r\n\r\n  <div class=\"footer-sitemap-legal\">\r\n    <h5>Explore<\/h5>\r\n\r\n    <nav class=\"footer-sitemap\">\r\n      <ul>\r\n        <li><a href=\"\/en\/\">Home<\/a><\/li>\r\n        <li><a href=\"\/en\/sobre-nosotros\/\">About us<\/a><\/li>\r\n        <li><a href=\"\/en\/reservar-page\/\">Book<\/a><\/li>\r\n        <li><a href=\"\/en\/menu\/\">Our menu<\/a><\/li>\r\n        \r\n        <li><a href=\"\/en\/contacto\/\">Contact<\/a><\/li>\r\n      <\/ul>\r\n    <\/nav>\r\n  <\/div>\r\n<\/div>\r\n\r\n\r\n\r\n\r\n\r\n\t\t\t\t<\/div>\n\t\t\t\t<\/div>\n\t\t\t\t\t<\/div>\n\t\t<\/div>\n\t\t\t\t<div class=\"elementor-column elementor-col-20 elementor-top-column elementor-element elementor-element-c56a01d\" data-id=\"c56a01d\" data-element_type=\"column\" data-e-type=\"column\">\n\t\t\t<div class=\"elementor-widget-wrap elementor-element-populated\">\n\t\t\t\t\t\t<div class=\"elementor-element elementor-element-c2d07a6 elementor-widget elementor-widget-html\" data-id=\"c2d07a6\" data-element_type=\"widget\" data-e-type=\"widget\" data-widget_type=\"html.default\">\n\t\t\t\t<div class=\"elementor-widget-container\">\n\t\t\t\t\t<div class=\"zona-inferior_mov\">\r\n  <div class=\"footer-sitemap-legal\">\r\n    <!-- T\u00edtulo del bloque legal -->\r\n    <h5>Legal<\/h5>\r\n\r\n    <!-- Legal -->\r\n    <nav class=\"footer-legal\">\r\n      <ul>\r\n        <li><a href=\"https:\/\/centralkanaia.com\/en\/pol-priv\/\">Privacy Policy<\/a><\/li>\r\n        <li><a href=\"https:\/\/centralkanaia.com\/en\/aviso-legal\/\">Legal Disclaimer<\/a><\/li>\r\n        <li><a href=\"https:\/\/centralkanaia.com\/en\/pol-cookies\/\">Cookie Policy<\/a><\/li>\r\n      <\/ul>\r\n    <\/nav>\r\n  <\/div>\r\n<\/div>\r\n\r\n\r\n\r\n\t\t\t\t<\/div>\n\t\t\t\t<\/div>\n\t\t\t\t\t<\/div>\n\t\t<\/div>\n\t\t\t\t<div class=\"elementor-column elementor-col-20 elementor-top-column elementor-element elementor-element-52b8f4a\" data-id=\"52b8f4a\" data-element_type=\"column\" data-e-type=\"column\">\n\t\t\t<div class=\"elementor-widget-wrap elementor-element-populated\">\n\t\t\t\t\t\t<div class=\"elementor-element elementor-element-f83ef8d elementor-widget elementor-widget-text-editor\" data-id=\"f83ef8d\" data-element_type=\"widget\" data-e-type=\"widget\" data-widget_type=\"text-editor.default\">\n\t\t\t\t<div class=\"elementor-widget-container\">\n\t\t\t\t\t\t\t\t\t<div class=\"direccion-kanaia\" style=\"background-color: #f9f7f4; padding: 2rem; font-family: 'Montserrat', sans-serif; color: #8b5e3c; font-size: 0.9rem;\"><h5 style=\"font-size: 0.9rem; margin-bottom: 0.5rem; text-transform: uppercase;\">Find Us<\/h5><p style=\"margin: 0; line-height: 1.6;\">Calle la Virgen, 1<br \/>11140 Conil de la Frontera<br \/>C\u00e1diz, Espa\u00f1a<\/p><\/div>\t\t\t\t\t\t\t\t<\/div>\n\t\t\t\t<\/div>\n\t\t\t\t\t<\/div>\n\t\t<\/div>\n\t\t\t\t<div class=\"elementor-column elementor-col-20 elementor-top-column elementor-element elementor-element-3793f53\" data-id=\"3793f53\" data-element_type=\"column\" data-e-type=\"column\">\n\t\t\t<div class=\"elementor-widget-wrap elementor-element-populated\">\n\t\t\t\t\t\t<div class=\"elementor-element elementor-element-ba744ae elementor-shape-rounded elementor-grid-0 e-grid-align-center elementor-widget elementor-widget-social-icons\" data-id=\"ba744ae\" data-element_type=\"widget\" data-e-type=\"widget\" data-widget_type=\"social-icons.default\">\n\t\t\t\t<div class=\"elementor-widget-container\">\n\t\t\t\t\t\t\t<div class=\"elementor-social-icons-wrapper elementor-grid\" role=\"list\">\n\t\t\t\t\t\t\t<span class=\"elementor-grid-item\" role=\"listitem\">\n\t\t\t\t\t<a class=\"elementor-icon elementor-social-icon elementor-social-icon-facebook elementor-animation-pulse elementor-repeater-item-45987ad\" href=\"https:\/\/www.facebook.com\/centralkanaia\/\" target=\"_blank\">\n\t\t\t\t\t\t<span class=\"elementor-screen-only\">Facebook<\/span>\n\t\t\t\t\t\t<i aria-hidden=\"true\" class=\"fab fa-facebook\"><\/i>\t\t\t\t\t<\/a>\n\t\t\t\t<\/span>\n\t\t\t\t\t\t\t<span class=\"elementor-grid-item\" role=\"listitem\">\n\t\t\t\t\t<a class=\"elementor-icon elementor-social-icon elementor-social-icon-instagram elementor-animation-pulse elementor-repeater-item-f0fa343\" href=\"https:\/\/www.instagram.com\/kanaiacentral\/\" target=\"_blank\">\n\t\t\t\t\t\t<span class=\"elementor-screen-only\">Instagram<\/span>\n\t\t\t\t\t\t<i aria-hidden=\"true\" class=\"fab fa-instagram\"><\/i>\t\t\t\t\t<\/a>\n\t\t\t\t<\/span>\n\t\t\t\t\t<\/div>\n\t\t\t\t\t\t<\/div>\n\t\t\t\t<\/div>\n\t\t\t\t\t<\/div>\n\t\t<\/div>\n\t\t\t\t\t<\/div>\n\t\t<\/section>\n\t\t\t\t<\/div>","protected":false},"excerpt":{"rendered":"<p>Explora Inicio Sobre nosotros Reservar Nuestra carta Contacto Legal Pol\u00edtica de privacidad Aviso legal Pol\u00edtica de cookies D\u00f3nde estamos Calle la Virgen, 111140 Conil de la FronteraC\u00e1diz, Espa\u00f1a Facebook Instagram Explora Inicio Sobre nosotros Reservar Nuestra carta Contacto Legal Pol\u00edtica de privacidad Aviso legal Pol\u00edtica de cookies D\u00f3nde estamos Calle la Virgen, 111140 Conil de [&hellip;]<\/p>\n","protected":false},"author":1,"featured_media":0,"parent":0,"menu_order":0,"comment_status":"closed","ping_status":"closed","template":"page-full-width.php","meta":{"footnotes":""},"class_list":["post-508","page","type-page","status-publish","hentry"],"_links":{"self":[{"href":"https:\/\/centralkanaia.com\/en\/wp-json\/wp\/v2\/pages\/508","targetHints":{"allow":["GET"]}}],"collection":[{"href":"https:\/\/centralkanaia.com\/en\/wp-json\/wp\/v2\/pages"}],"about":[{"href":"https:\/\/centralkanaia.com\/en\/wp-json\/wp\/v2\/types\/page"}],"author":[{"embeddable":true,"href":"https:\/\/centralkanaia.com\/en\/wp-json\/wp\/v2\/users\/1"}],"replies":[{"embeddable":true,"href":"https:\/\/centralkanaia.com\/en\/wp-json\/wp\/v2\/comments?post=508"}],"version-history":[{"count":32,"href":"https:\/\/centralkanaia.com\/en\/wp-json\/wp\/v2\/pages\/508\/revisions"}],"predecessor-version":[{"id":4849,"href":"https:\/\/centralkanaia.com\/en\/wp-json\/wp\/v2\/pages\/508\/revisions\/4849"}],"wp:attachment":[{"href":"https:\/\/centralkanaia.com\/en\/wp-json\/wp\/v2\/media?parent=508"}],"curies":[{"name":"wp","href":"https:\/\/api.w.org\/{rel}","templated":true}]}}