{"id":4781,"date":"2025-06-12T08:12:26","date_gmt":"2025-06-12T08:12:26","guid":{"rendered":"https:\/\/centralkanaia.com\/?page_id=4781"},"modified":"2025-06-12T08:14:03","modified_gmt":"2025-06-12T08:14:03","slug":"aviso-legal","status":"publish","type":"page","link":"https:\/\/centralkanaia.com\/en\/aviso-legal","title":{"rendered":"Aviso Legal"},"content":{"rendered":"\t\t<div data-elementor-type=\"wp-post\" data-elementor-id=\"4781\" class=\"elementor elementor-4781\">\n\t\t\t\t\t\t<section class=\"elementor-section elementor-top-section elementor-element elementor-element-4957ead elementor-section-boxed elementor-section-height-default elementor-section-height-default qodef-elementor-content-no\" data-id=\"4957ead\" data-element_type=\"section\" data-e-type=\"section\" data-settings=\"{&quot;background_background&quot;:&quot;classic&quot;}\">\n\t\t\t\t\t\t<div class=\"elementor-container elementor-column-gap-default\">\n\t\t\t\t\t<div class=\"elementor-column elementor-col-100 elementor-top-column elementor-element elementor-element-dfeb8d0\" data-id=\"dfeb8d0\" data-element_type=\"column\" data-e-type=\"column\">\n\t\t\t<div class=\"elementor-widget-wrap elementor-element-populated\">\n\t\t\t\t\t\t<div class=\"elementor-element elementor-element-d9e85a8 elementor-widget elementor-widget-text-editor\" data-id=\"d9e85a8\" data-element_type=\"widget\" data-e-type=\"widget\" data-widget_type=\"text-editor.default\">\n\t\t\t\t<div class=\"elementor-widget-container\">\n\t\t\t\t\t\t\t\t\t<h2 data-start=\"183\" data-end=\"200\">\ud83d\udcc4 AVISO LEGAL<\/h2><p data-start=\"202\" data-end=\"377\"><strong data-start=\"202\" data-end=\"224\">Titular de la web:<\/strong> <em data-start=\"225\" data-end=\"259\">[Poner Nombre\/Empresa y CIF\/NIF]<\/em><br data-start=\"259\" data-end=\"262\" \/><strong data-start=\"262\" data-end=\"276\">Direcci\u00f3n:<\/strong> C. la Virgen, 1, 11140 Conil de la Frontera, C\u00e1diz<br data-start=\"327\" data-end=\"330\" \/><strong data-start=\"330\" data-end=\"352\">Email de contacto:<\/strong> <a class=\"cursor-pointer\" rel=\"noopener\" data-start=\"353\" data-end=\"375\">info@centralkanaia.com<\/a><\/p><p data-start=\"379\" data-end=\"555\">La presente p\u00e1gina web ha sido dise\u00f1ada para informar sobre los servicios del restaurante Central KANAIA y permitir la realizaci\u00f3n de reservas a trav\u00e9s de plataformas externas.<\/p><p data-start=\"557\" data-end=\"787\">El acceso y uso de esta web atribuye la condici\u00f3n de usuario, implicando la aceptaci\u00f3n de este Aviso Legal. Central KANAIA se reserva el derecho de modificar cualquier informaci\u00f3n contenida en la web sin necesidad de previo aviso.<\/p><h3 data-start=\"789\" data-end=\"827\">Propiedad intelectual e industrial<\/h3><p data-start=\"829\" data-end=\"1061\">Todos los contenidos de esta web, incluyendo textos, im\u00e1genes, logotipos y dise\u00f1o gr\u00e1fico, son propiedad de Central KANAIA o de sus licenciantes. Queda prohibida su reproducci\u00f3n, distribuci\u00f3n o modificaci\u00f3n sin autorizaci\u00f3n expresa.<\/p><h3 data-start=\"1063\" data-end=\"1082\">Responsabilidad<\/h3><p data-start=\"1084\" data-end=\"1330\">Central KANAIA no se hace responsable de los errores u omisiones en los contenidos, ni de los da\u00f1os derivados del uso de esta web, ni de la actuaci\u00f3n de terceros mediante enlaces o integraciones (como la herramienta de reservas de Cover Manager).<\/p>\t\t\t\t\t\t\t\t<\/div>\n\t\t\t\t<\/div>\n\t\t\t\t\t<\/div>\n\t\t<\/div>\n\t\t\t\t\t<\/div>\n\t\t<\/section>\n\t\t\t\t<section class=\"elementor-section elementor-top-section elementor-element elementor-element-6be0515 elementor-hidden-tablet elementor-hidden-mobile elementor-section-boxed elementor-section-height-default elementor-section-height-default qodef-elementor-content-no\" data-id=\"6be0515\" data-element_type=\"section\" data-e-type=\"section\" data-settings=\"{&quot;background_background&quot;:&quot;classic&quot;}\">\n\t\t\t\t\t\t<div class=\"elementor-container elementor-column-gap-default\">\n\t\t\t\t\t<div class=\"elementor-column elementor-col-100 elementor-top-column elementor-element elementor-element-2497e50\" data-id=\"2497e50\" data-element_type=\"column\" data-e-type=\"column\">\n\t\t\t<div class=\"elementor-widget-wrap elementor-element-populated\">\n\t\t\t\t\t\t<div class=\"elementor-element elementor-element-0f59488 elementor-widget__width-initial elementor-widget elementor-widget-spacer\" data-id=\"0f59488\" data-element_type=\"widget\" data-e-type=\"widget\" data-widget_type=\"spacer.default\">\n\t\t\t\t<div class=\"elementor-widget-container\">\n\t\t\t\t\t\t\t<div class=\"elementor-spacer\">\n\t\t\t<div class=\"elementor-spacer-inner\"><\/div>\n\t\t<\/div>\n\t\t\t\t\t\t<\/div>\n\t\t\t\t<\/div>\n\t\t\t\t\t<\/div>\n\t\t<\/div>\n\t\t\t\t\t<\/div>\n\t\t<\/section>\n\t\t\t\t<section class=\"elementor-section elementor-top-section elementor-element elementor-element-852c14b elementor-section-boxed elementor-section-height-default elementor-section-height-default qodef-elementor-content-no\" data-id=\"852c14b\" data-element_type=\"section\" data-e-type=\"section\" data-settings=\"{&quot;background_background&quot;:&quot;classic&quot;}\">\n\t\t\t\t\t\t<div class=\"elementor-container elementor-column-gap-default\">\n\t\t\t\t\t<div class=\"elementor-column elementor-col-100 elementor-top-column elementor-element elementor-element-8c4325f\" data-id=\"8c4325f\" data-element_type=\"column\" data-e-type=\"column\">\n\t\t\t<div class=\"elementor-widget-wrap\">\n\t\t\t\t\t\t\t<\/div>\n\t\t<\/div>\n\t\t\t\t\t<\/div>\n\t\t<\/section>\n\t\t\t\t<section class=\"elementor-section elementor-top-section elementor-element elementor-element-0ecc81d elementor-hidden-tablet elementor-hidden-mobile elementor-section-boxed elementor-section-height-default elementor-section-height-default qodef-elementor-content-no\" data-id=\"0ecc81d\" data-element_type=\"section\" data-e-type=\"section\" data-settings=\"{&quot;background_background&quot;:&quot;classic&quot;}\">\n\t\t\t\t\t\t<div class=\"elementor-container elementor-column-gap-default\">\n\t\t\t\t\t<div class=\"elementor-column elementor-col-25 elementor-top-column elementor-element elementor-element-9951c48\" data-id=\"9951c48\" data-element_type=\"column\" data-e-type=\"column\">\n\t\t\t<div class=\"elementor-widget-wrap elementor-element-populated\">\n\t\t\t\t\t\t<div class=\"elementor-element elementor-element-0fb23f5 elementor-widget elementor-widget-site-logo\" data-id=\"0fb23f5\" data-element_type=\"widget\" data-e-type=\"widget\" data-settings=\"{&quot;align&quot;:&quot;center&quot;,&quot;width&quot;:{&quot;unit&quot;:&quot;%&quot;,&quot;size&quot;:&quot;&quot;,&quot;sizes&quot;:[]},&quot;width_tablet&quot;:{&quot;unit&quot;:&quot;%&quot;,&quot;size&quot;:&quot;&quot;,&quot;sizes&quot;:[]},&quot;width_mobile&quot;:{&quot;unit&quot;:&quot;%&quot;,&quot;size&quot;:&quot;&quot;,&quot;sizes&quot;:[]},&quot;space&quot;:{&quot;unit&quot;:&quot;%&quot;,&quot;size&quot;:&quot;&quot;,&quot;sizes&quot;:[]},&quot;space_tablet&quot;:{&quot;unit&quot;:&quot;%&quot;,&quot;size&quot;:&quot;&quot;,&quot;sizes&quot;:[]},&quot;space_mobile&quot;:{&quot;unit&quot;:&quot;%&quot;,&quot;size&quot;:&quot;&quot;,&quot;sizes&quot;:[]},&quot;image_border_radius&quot;:{&quot;unit&quot;:&quot;px&quot;,&quot;top&quot;:&quot;&quot;,&quot;right&quot;:&quot;&quot;,&quot;bottom&quot;:&quot;&quot;,&quot;left&quot;:&quot;&quot;,&quot;isLinked&quot;:true},&quot;image_border_radius_tablet&quot;:{&quot;unit&quot;:&quot;px&quot;,&quot;top&quot;:&quot;&quot;,&quot;right&quot;:&quot;&quot;,&quot;bottom&quot;:&quot;&quot;,&quot;left&quot;:&quot;&quot;,&quot;isLinked&quot;:true},&quot;image_border_radius_mobile&quot;:{&quot;unit&quot;:&quot;px&quot;,&quot;top&quot;:&quot;&quot;,&quot;right&quot;:&quot;&quot;,&quot;bottom&quot;:&quot;&quot;,&quot;left&quot;:&quot;&quot;,&quot;isLinked&quot;:true},&quot;caption_padding&quot;:{&quot;unit&quot;:&quot;px&quot;,&quot;top&quot;:&quot;&quot;,&quot;right&quot;:&quot;&quot;,&quot;bottom&quot;:&quot;&quot;,&quot;left&quot;:&quot;&quot;,&quot;isLinked&quot;:true},&quot;caption_padding_tablet&quot;:{&quot;unit&quot;:&quot;px&quot;,&quot;top&quot;:&quot;&quot;,&quot;right&quot;:&quot;&quot;,&quot;bottom&quot;:&quot;&quot;,&quot;left&quot;:&quot;&quot;,&quot;isLinked&quot;:true},&quot;caption_padding_mobile&quot;:{&quot;unit&quot;:&quot;px&quot;,&quot;top&quot;:&quot;&quot;,&quot;right&quot;:&quot;&quot;,&quot;bottom&quot;:&quot;&quot;,&quot;left&quot;:&quot;&quot;,&quot;isLinked&quot;:true},&quot;caption_space&quot;:{&quot;unit&quot;:&quot;px&quot;,&quot;size&quot;:0,&quot;sizes&quot;:[]},&quot;caption_space_tablet&quot;:{&quot;unit&quot;:&quot;px&quot;,&quot;size&quot;:&quot;&quot;,&quot;sizes&quot;:[]},&quot;caption_space_mobile&quot;:{&quot;unit&quot;:&quot;px&quot;,&quot;size&quot;:&quot;&quot;,&quot;sizes&quot;:[]}}\" data-widget_type=\"site-logo.default\">\n\t\t\t\t<div class=\"elementor-widget-container\">\n\t\t\t\t\t\t\t<div class=\"hfe-site-logo\">\n\t\t\t\t\t\t\t\t\t\t\t\t\t<a data-elementor-open-lightbox=\"\"  class='elementor-clickable' href=\"https:\/\/centralkanaia.com\">\n\t\t\t\t\t\t\t<div class=\"hfe-site-logo-set\">           \n\t\t\t\t<div class=\"hfe-site-logo-container\">\n\t\t\t\t\t\t\t\t\t<img decoding=\"async\" class=\"hfe-site-logo-img elementor-animation-\"  src=\"https:\/\/centralkanaia.com\/wp-content\/uploads\/2025\/06\/cropped-Logo_Bueno1-150x150.png\" alt=\"default-logo\"\/>\n\t\t\t\t<\/div>\n\t\t\t<\/div>\n\t\t\t\t\t\t\t<\/a>\n\t\t\t\t\t\t<\/div>  \n\t\t\t\t\t\t\t<\/div>\n\t\t\t\t<\/div>\n\t\t\t\t\t<\/div>\n\t\t<\/div>\n\t\t\t\t<div class=\"elementor-column elementor-col-25 elementor-top-column elementor-element elementor-element-410aae3\" data-id=\"410aae3\" data-element_type=\"column\" data-e-type=\"column\">\n\t\t\t<div class=\"elementor-widget-wrap elementor-element-populated\">\n\t\t\t\t\t\t<div class=\"elementor-element elementor-element-2b29aac elementor-widget elementor-widget-html\" data-id=\"2b29aac\" data-element_type=\"widget\" data-e-type=\"widget\" data-widget_type=\"html.default\">\n\t\t\t\t<div class=\"elementor-widget-container\">\n\t\t\t\t\t<div class=\"zona-inferior\">\r\n  <style>\r\n    .zona-inferior {\r\n      background-color: #f9f7f4;\r\n      padding: 2rem;\r\n      font-size: 0.9rem;\r\n      color: #5e3c24; \/* Marr\u00f3n suave *\/\r\n      font-family: Arial, sans-serif;\r\n    }\r\n    .zona-inferior h5 {\r\n      font-size: 1rem;\r\n      text-transform: uppercase;\r\n      margin-bottom: 0.3rem;\r\n      color: #8b5e3c; \/* Marr\u00f3n claro *\/\r\n    }\r\n    .zona-inferior ul {\r\n      list-style: none;\r\n      padding: 0;\r\n      margin: 0;\r\n    }\r\n    .zona-inferior li {\r\n      margin-bottom: -0.5rem; \/* Menos espacio entre l\u00edneas *\/\r\n    }\r\n    .zona-inferior a {\r\n      text-decoration: none;\r\n      color: #5e3c24;\r\n      transition: color 0.3s;\r\n    }\r\n    .zona-inferior a:hover {\r\n      color: #000;\r\n    }\r\n  <\/style>\r\n\r\n  <div class=\"footer-sitemap-legal\">\r\n    <h5>Explora<\/h5>\r\n\r\n    <nav class=\"footer-sitemap\">\r\n      <ul>\r\n        <li><a href=\"\/\">Inicio<\/a><\/li>\r\n        <li><a href=\"\/sobre-nosotros\">Sobre nosotros<\/a><\/li>\r\n        <li><a href=\"\/nuestra-carta\">Nuestra carta<\/a><\/li>\r\n        <li><a href=\"\/contacto\">Contacto<\/a><\/li>\r\n      <\/ul>\r\n    <\/nav>\r\n  <\/div>\r\n<\/div>\r\n\t\t\t\t<\/div>\n\t\t\t\t<\/div>\n\t\t\t\t\t<\/div>\n\t\t<\/div>\n\t\t\t\t<div class=\"elementor-column elementor-col-25 elementor-top-column elementor-element elementor-element-8f3003c\" data-id=\"8f3003c\" data-element_type=\"column\" data-e-type=\"column\">\n\t\t\t<div class=\"elementor-widget-wrap elementor-element-populated\">\n\t\t\t\t\t\t<div class=\"elementor-element elementor-element-ab1dde1 elementor-widget elementor-widget-html\" data-id=\"ab1dde1\" data-element_type=\"widget\" data-e-type=\"widget\" data-widget_type=\"html.default\">\n\t\t\t\t<div class=\"elementor-widget-container\">\n\t\t\t\t\t<div class=\"zona-inferior\">\r\n  <div class=\"footer-sitemap-legal\">\r\n    <!-- T\u00edtulo del bloque legal -->\r\n    <h5>Legal<\/h5>\r\n\r\n    <!-- Legal -->\r\n    <nav class=\"footer-legal\">\r\n      <ul>\r\n        <li><a href=\"\/politica-privacidad\">Pol\u00edtica de privacidad<\/a><\/li>\r\n        <li><a href=\"\/aviso-legal\">Aviso legal<\/a><\/li>\r\n        <li><a href=\"\/politica-cookies\">Pol\u00edtica de cookies<\/a><\/li>\r\n      <\/ul>\r\n    <\/nav>\r\n  <\/div>\r\n<\/div>\r\n\r\n\r\n\r\n\t\t\t\t<\/div>\n\t\t\t\t<\/div>\n\t\t\t\t\t<\/div>\n\t\t<\/div>\n\t\t\t\t<div class=\"elementor-column elementor-col-25 elementor-top-column elementor-element elementor-element-bc9ad93\" data-id=\"bc9ad93\" data-element_type=\"column\" data-e-type=\"column\">\n\t\t\t<div class=\"elementor-widget-wrap elementor-element-populated\">\n\t\t\t\t\t\t<div class=\"elementor-element elementor-element-690a14f elementor-widget elementor-widget-text-editor\" data-id=\"690a14f\" data-element_type=\"widget\" data-e-type=\"widget\" data-widget_type=\"text-editor.default\">\n\t\t\t\t<div class=\"elementor-widget-container\">\n\t\t\t\t\t\t\t\t\t<div class=\"direccion-kanaia\" style=\"background-color: #f9f7f4; padding: 2rem; font-family: 'Montserrat', sans-serif; color: #8b5e3c; font-size: 0.9rem;\">\n  <h5 style=\"font-size: 0.9rem; margin-bottom: 0.5rem; text-transform: uppercase;\">D\u00f3nde estamos<\/h5>\n  <p style=\"margin: 0; line-height: 1.6;\">\n    Calle C\u00e1diz, 12<br>\n    11140 Conil de la Frontera<br>\n    C\u00e1diz, Espa\u00f1a\n  <\/p>\n<\/div>\n\t\t\t\t\t\t\t\t<\/div>\n\t\t\t\t<\/div>\n\t\t\t\t<div class=\"elementor-element elementor-element-aa0f6cf elementor-shape-rounded elementor-grid-0 e-grid-align-center elementor-widget elementor-widget-social-icons\" data-id=\"aa0f6cf\" data-element_type=\"widget\" data-e-type=\"widget\" data-widget_type=\"social-icons.default\">\n\t\t\t\t<div class=\"elementor-widget-container\">\n\t\t\t\t\t\t\t<div class=\"elementor-social-icons-wrapper elementor-grid\" role=\"list\">\n\t\t\t\t\t\t\t<span class=\"elementor-grid-item\" role=\"listitem\">\n\t\t\t\t\t<a class=\"elementor-icon elementor-social-icon elementor-social-icon-facebook elementor-animation-pulse elementor-repeater-item-45987ad\" href=\"https:\/\/www.facebook.com\/centralkanaia\/\" target=\"_blank\">\n\t\t\t\t\t\t<span class=\"elementor-screen-only\">Facebook<\/span>\n\t\t\t\t\t\t<i aria-hidden=\"true\" class=\"fab fa-facebook\"><\/i>\t\t\t\t\t<\/a>\n\t\t\t\t<\/span>\n\t\t\t\t\t\t\t<span class=\"elementor-grid-item\" role=\"listitem\">\n\t\t\t\t\t<a class=\"elementor-icon elementor-social-icon elementor-social-icon-instagram elementor-animation-pulse elementor-repeater-item-f0fa343\" href=\"https:\/\/www.instagram.com\/kanaiacentral\/\" target=\"_blank\">\n\t\t\t\t\t\t<span class=\"elementor-screen-only\">Instagram<\/span>\n\t\t\t\t\t\t<i aria-hidden=\"true\" class=\"fab fa-instagram\"><\/i>\t\t\t\t\t<\/a>\n\t\t\t\t<\/span>\n\t\t\t\t\t<\/div>\n\t\t\t\t\t\t<\/div>\n\t\t\t\t<\/div>\n\t\t\t\t\t<\/div>\n\t\t<\/div>\n\t\t\t\t\t<\/div>\n\t\t<\/section>\n\t\t\t\t<section class=\"elementor-section elementor-top-section elementor-element elementor-element-cc33c7d elementor-hidden-desktop elementor-section-boxed elementor-section-height-default elementor-section-height-default qodef-elementor-content-no\" data-id=\"cc33c7d\" data-element_type=\"section\" data-e-type=\"section\" data-settings=\"{&quot;background_background&quot;:&quot;classic&quot;}\">\n\t\t\t\t\t\t<div class=\"elementor-container elementor-column-gap-default\">\n\t\t\t\t\t<div class=\"elementor-column elementor-col-20 elementor-top-column elementor-element elementor-element-46d820c\" data-id=\"46d820c\" data-element_type=\"column\" data-e-type=\"column\">\n\t\t\t<div class=\"elementor-widget-wrap elementor-element-populated\">\n\t\t\t\t\t\t<div class=\"elementor-element elementor-element-f9ae36e elementor-widget elementor-widget-site-logo\" data-id=\"f9ae36e\" data-element_type=\"widget\" data-e-type=\"widget\" data-settings=\"{&quot;align&quot;:&quot;center&quot;,&quot;width&quot;:{&quot;unit&quot;:&quot;%&quot;,&quot;size&quot;:&quot;&quot;,&quot;sizes&quot;:[]},&quot;width_tablet&quot;:{&quot;unit&quot;:&quot;%&quot;,&quot;size&quot;:&quot;&quot;,&quot;sizes&quot;:[]},&quot;width_mobile&quot;:{&quot;unit&quot;:&quot;%&quot;,&quot;size&quot;:&quot;&quot;,&quot;sizes&quot;:[]},&quot;space&quot;:{&quot;unit&quot;:&quot;%&quot;,&quot;size&quot;:&quot;&quot;,&quot;sizes&quot;:[]},&quot;space_tablet&quot;:{&quot;unit&quot;:&quot;%&quot;,&quot;size&quot;:&quot;&quot;,&quot;sizes&quot;:[]},&quot;space_mobile&quot;:{&quot;unit&quot;:&quot;%&quot;,&quot;size&quot;:&quot;&quot;,&quot;sizes&quot;:[]},&quot;image_border_radius&quot;:{&quot;unit&quot;:&quot;px&quot;,&quot;top&quot;:&quot;&quot;,&quot;right&quot;:&quot;&quot;,&quot;bottom&quot;:&quot;&quot;,&quot;left&quot;:&quot;&quot;,&quot;isLinked&quot;:true},&quot;image_border_radius_tablet&quot;:{&quot;unit&quot;:&quot;px&quot;,&quot;top&quot;:&quot;&quot;,&quot;right&quot;:&quot;&quot;,&quot;bottom&quot;:&quot;&quot;,&quot;left&quot;:&quot;&quot;,&quot;isLinked&quot;:true},&quot;image_border_radius_mobile&quot;:{&quot;unit&quot;:&quot;px&quot;,&quot;top&quot;:&quot;&quot;,&quot;right&quot;:&quot;&quot;,&quot;bottom&quot;:&quot;&quot;,&quot;left&quot;:&quot;&quot;,&quot;isLinked&quot;:true},&quot;caption_padding&quot;:{&quot;unit&quot;:&quot;px&quot;,&quot;top&quot;:&quot;&quot;,&quot;right&quot;:&quot;&quot;,&quot;bottom&quot;:&quot;&quot;,&quot;left&quot;:&quot;&quot;,&quot;isLinked&quot;:true},&quot;caption_padding_tablet&quot;:{&quot;unit&quot;:&quot;px&quot;,&quot;top&quot;:&quot;&quot;,&quot;right&quot;:&quot;&quot;,&quot;bottom&quot;:&quot;&quot;,&quot;left&quot;:&quot;&quot;,&quot;isLinked&quot;:true},&quot;caption_padding_mobile&quot;:{&quot;unit&quot;:&quot;px&quot;,&quot;top&quot;:&quot;&quot;,&quot;right&quot;:&quot;&quot;,&quot;bottom&quot;:&quot;&quot;,&quot;left&quot;:&quot;&quot;,&quot;isLinked&quot;:true},&quot;caption_space&quot;:{&quot;unit&quot;:&quot;px&quot;,&quot;size&quot;:0,&quot;sizes&quot;:[]},&quot;caption_space_tablet&quot;:{&quot;unit&quot;:&quot;px&quot;,&quot;size&quot;:&quot;&quot;,&quot;sizes&quot;:[]},&quot;caption_space_mobile&quot;:{&quot;unit&quot;:&quot;px&quot;,&quot;size&quot;:&quot;&quot;,&quot;sizes&quot;:[]}}\" data-widget_type=\"site-logo.default\">\n\t\t\t\t<div class=\"elementor-widget-container\">\n\t\t\t\t\t\t\t<div class=\"hfe-site-logo\">\n\t\t\t\t\t\t\t\t\t\t\t\t\t<a data-elementor-open-lightbox=\"\"  class='elementor-clickable' href=\"https:\/\/centralkanaia.com\">\n\t\t\t\t\t\t\t<div class=\"hfe-site-logo-set\">           \n\t\t\t\t<div class=\"hfe-site-logo-container\">\n\t\t\t\t\t\t\t\t\t<img decoding=\"async\" class=\"hfe-site-logo-img elementor-animation-\"  src=\"https:\/\/centralkanaia.com\/wp-content\/uploads\/2025\/06\/cropped-Logo_Bueno1-150x150.png\" alt=\"default-logo\"\/>\n\t\t\t\t<\/div>\n\t\t\t<\/div>\n\t\t\t\t\t\t\t<\/a>\n\t\t\t\t\t\t<\/div>  \n\t\t\t\t\t\t\t<\/div>\n\t\t\t\t<\/div>\n\t\t\t\t\t<\/div>\n\t\t<\/div>\n\t\t\t\t<div class=\"elementor-column elementor-col-20 elementor-top-column elementor-element elementor-element-4222c7f\" data-id=\"4222c7f\" data-element_type=\"column\" data-e-type=\"column\">\n\t\t\t<div class=\"elementor-widget-wrap elementor-element-populated\">\n\t\t\t\t\t\t<div class=\"elementor-element elementor-element-98fa5c4 elementor-widget elementor-widget-html\" data-id=\"98fa5c4\" data-element_type=\"widget\" data-e-type=\"widget\" data-widget_type=\"html.default\">\n\t\t\t\t<div class=\"elementor-widget-container\">\n\t\t\t\t\t<div class=\"zona-inferior_mov\">\r\n  <style>\r\n    .zona-inferior_mov {\r\n      background-color: #f9f7f4;\r\n      padding: 2rem;\r\n      font-size: 0.9rem;\r\n      color: #5e3c24; \/* Marr\u00f3n suave *\/\r\n      font-family: Arial, sans-serif;\r\n    }\r\n    .zona-inferior_mov h5 {\r\n      font-size: 1rem;\r\n      text-transform: uppercase;\r\n      margin-bottom: 1rem;\r\n      color: #8b5e3c; \/* Marr\u00f3n claro *\/\r\n    }\r\n    .zona-inferior_mov ul {\r\n      list-style: none;\r\n      padding: 0;\r\n      margin: 0;\r\n    }\r\n    .zona-inferior_mov li {\r\n      margin-bottom: 0.4rem; \/* Muy poco espacio *\/\r\n      line-height: 1.1; \/* Menos altura de l\u00ednea *\/\r\n    }\r\n    .zona-inferior_mov a {\r\n      text-decoration: none;\r\n      color: #5e3c24;\r\n      transition: color 0.3s;\r\n    }\r\n    .zona-inferior_mov a:hover {\r\n      color: #000;\r\n    }\r\n  <\/style>\r\n\r\n  <div class=\"footer-sitemap-legal\">\r\n    <h5>Explora<\/h5>\r\n\r\n    <nav class=\"footer-sitemap\">\r\n      <ul>\r\n        <li><a href=\"\/\">Inicio<\/a><\/li>\r\n        <li><a href=\"\/sobre-nosotros\">Sobre nosotros<\/a><\/li>\r\n        <li><a href=\"\/nuestra-carta\">Nuestra carta<\/a><\/li>\r\n        <li><a href=\"\/contacto\">Contacto<\/a><\/li>\r\n      <\/ul>\r\n    <\/nav>\r\n  <\/div>\r\n<\/div>\r\n\r\n\r\n\r\n\r\n\t\t\t\t<\/div>\n\t\t\t\t<\/div>\n\t\t\t\t\t<\/div>\n\t\t<\/div>\n\t\t\t\t<div class=\"elementor-column elementor-col-20 elementor-top-column elementor-element elementor-element-cf3afe2\" data-id=\"cf3afe2\" data-element_type=\"column\" data-e-type=\"column\">\n\t\t\t<div class=\"elementor-widget-wrap elementor-element-populated\">\n\t\t\t\t\t\t<div class=\"elementor-element elementor-element-96b5018 elementor-widget elementor-widget-html\" data-id=\"96b5018\" data-element_type=\"widget\" data-e-type=\"widget\" data-widget_type=\"html.default\">\n\t\t\t\t<div class=\"elementor-widget-container\">\n\t\t\t\t\t<div class=\"zona-inferior_mov\">\r\n  <div class=\"footer-sitemap-legal\">\r\n    <!-- T\u00edtulo del bloque legal -->\r\n    <h5>Legal<\/h5>\r\n\r\n    <!-- Legal -->\r\n    <nav class=\"footer-legal\">\r\n      <ul>\r\n        <li><a href=\"\/politica-privacidad\">Pol\u00edtica de privacidad<\/a><\/li>\r\n        <li><a href=\"\/aviso-legal\">Aviso legal<\/a><\/li>\r\n        <li><a href=\"\/politica-cookies\">Pol\u00edtica de cookies<\/a><\/li>\r\n      <\/ul>\r\n    <\/nav>\r\n  <\/div>\r\n<\/div>\r\n\r\n\r\n\r\n\t\t\t\t<\/div>\n\t\t\t\t<\/div>\n\t\t\t\t\t<\/div>\n\t\t<\/div>\n\t\t\t\t<div class=\"elementor-column elementor-col-20 elementor-top-column elementor-element elementor-element-f9aee14\" data-id=\"f9aee14\" data-element_type=\"column\" data-e-type=\"column\">\n\t\t\t<div class=\"elementor-widget-wrap elementor-element-populated\">\n\t\t\t\t\t\t<div class=\"elementor-element elementor-element-fd156d2 elementor-widget elementor-widget-text-editor\" data-id=\"fd156d2\" data-element_type=\"widget\" data-e-type=\"widget\" data-widget_type=\"text-editor.default\">\n\t\t\t\t<div class=\"elementor-widget-container\">\n\t\t\t\t\t\t\t\t\t<div class=\"direccion-kanaia\" style=\"background-color: #f9f7f4; padding: 2rem; font-family: 'Montserrat', sans-serif; color: #8b5e3c; font-size: 0.9rem;\">\n  <h5 style=\"font-size: 0.9rem; margin-bottom: 0.5rem; text-transform: uppercase;\">D\u00f3nde estamos<\/h5>\n  <p style=\"margin: 0; line-height: 1.6;\">\n    Calle C\u00e1diz, 12<br>\n    11140 Conil de la Frontera<br>\n    C\u00e1diz, Espa\u00f1a\n  <\/p>\n<\/div>\n\t\t\t\t\t\t\t\t<\/div>\n\t\t\t\t<\/div>\n\t\t\t\t\t<\/div>\n\t\t<\/div>\n\t\t\t\t<div class=\"elementor-column elementor-col-20 elementor-top-column elementor-element elementor-element-21332a4\" data-id=\"21332a4\" data-element_type=\"column\" data-e-type=\"column\">\n\t\t\t<div class=\"elementor-widget-wrap elementor-element-populated\">\n\t\t\t\t\t\t<div class=\"elementor-element elementor-element-44488f3 elementor-shape-rounded elementor-grid-0 e-grid-align-center elementor-widget elementor-widget-social-icons\" data-id=\"44488f3\" data-element_type=\"widget\" data-e-type=\"widget\" data-widget_type=\"social-icons.default\">\n\t\t\t\t<div class=\"elementor-widget-container\">\n\t\t\t\t\t\t\t<div class=\"elementor-social-icons-wrapper elementor-grid\" role=\"list\">\n\t\t\t\t\t\t\t<span class=\"elementor-grid-item\" role=\"listitem\">\n\t\t\t\t\t<a class=\"elementor-icon elementor-social-icon elementor-social-icon-facebook elementor-animation-pulse elementor-repeater-item-45987ad\" href=\"https:\/\/www.facebook.com\/centralkanaia\/\" target=\"_blank\">\n\t\t\t\t\t\t<span class=\"elementor-screen-only\">Facebook<\/span>\n\t\t\t\t\t\t<i aria-hidden=\"true\" class=\"fab fa-facebook\"><\/i>\t\t\t\t\t<\/a>\n\t\t\t\t<\/span>\n\t\t\t\t\t\t\t<span class=\"elementor-grid-item\" role=\"listitem\">\n\t\t\t\t\t<a class=\"elementor-icon elementor-social-icon elementor-social-icon-instagram elementor-animation-pulse elementor-repeater-item-f0fa343\" href=\"https:\/\/www.instagram.com\/kanaiacentral\/\" target=\"_blank\">\n\t\t\t\t\t\t<span class=\"elementor-screen-only\">Instagram<\/span>\n\t\t\t\t\t\t<i aria-hidden=\"true\" class=\"fab fa-instagram\"><\/i>\t\t\t\t\t<\/a>\n\t\t\t\t<\/span>\n\t\t\t\t\t<\/div>\n\t\t\t\t\t\t<\/div>\n\t\t\t\t<\/div>\n\t\t\t\t\t<\/div>\n\t\t<\/div>\n\t\t\t\t\t<\/div>\n\t\t<\/section>\n\t\t\t\t<\/div>\n\t\t","protected":false},"excerpt":{"rendered":"<p>\ud83d\udcc4 AVISO LEGAL Titular de la web: [Poner Nombre\/Empresa y CIF\/NIF]Direcci\u00f3n: C. la Virgen, 1, 11140 Conil de la Frontera, C\u00e1dizEmail de contacto: info@centralkanaia.com La presente p\u00e1gina web ha sido dise\u00f1ada para informar sobre los servicios del restaurante Central KANAIA y permitir la realizaci\u00f3n de reservas a trav\u00e9s de plataformas externas. El acceso y uso [&hellip;]<\/p>\n","protected":false},"author":1,"featured_media":0,"parent":0,"menu_order":0,"comment_status":"closed","ping_status":"closed","template":"page-full-width.php","meta":{"footnotes":""},"class_list":["post-4781","page","type-page","status-publish","hentry"],"_links":{"self":[{"href":"https:\/\/centralkanaia.com\/en\/wp-json\/wp\/v2\/pages\/4781","targetHints":{"allow":["GET"]}}],"collection":[{"href":"https:\/\/centralkanaia.com\/en\/wp-json\/wp\/v2\/pages"}],"about":[{"href":"https:\/\/centralkanaia.com\/en\/wp-json\/wp\/v2\/types\/page"}],"author":[{"embeddable":true,"href":"https:\/\/centralkanaia.com\/en\/wp-json\/wp\/v2\/users\/1"}],"replies":[{"embeddable":true,"href":"https:\/\/centralkanaia.com\/en\/wp-json\/wp\/v2\/comments?post=4781"}],"version-history":[{"count":4,"href":"https:\/\/centralkanaia.com\/en\/wp-json\/wp\/v2\/pages\/4781\/revisions"}],"predecessor-version":[{"id":4788,"href":"https:\/\/centralkanaia.com\/en\/wp-json\/wp\/v2\/pages\/4781\/revisions\/4788"}],"wp:attachment":[{"href":"https:\/\/centralkanaia.com\/en\/wp-json\/wp\/v2\/media?parent=4781"}],"curies":[{"name":"wp","href":"https:\/\/api.w.org\/{rel}","templated":true}]}}